{"id":32111,"date":"2024-01-09T00:31:39","date_gmt":"2024-01-09T03:31:39","guid":{"rendered":"https:\/\/revolutionarena.com\/pt-br\/?page_id=32111"},"modified":"2026-01-07T13:51:55","modified_gmt":"2026-01-07T16:51:55","slug":"sobre","status":"publish","type":"page","link":"https:\/\/revolutionarena.com\/pt-br\/sobre\/","title":{"rendered":"SOBRE O SITE"},"content":{"rendered":"<div class=\"wp-block-image\">\n<figure class=\"aligncenter size-large\"><a href=\"http:\/\/revolutionarena.com.br\/wp-content\/uploads\/2020\/05\/site_versao01_2020.jpg\"><img decoding=\"async\" src=\"http:\/\/revolutionarena.com.br\/wp-content\/uploads\/2020\/05\/site_versao01_2020.jpg\" alt=\"\" class=\"wp-image-1260\"\/><\/a><figcaption class=\"wp-element-caption\"><em><span class=\"has-inline-color has-vivid-red-color\">Layout de inaugura\u00e7\u00e3o do site, em 07 de abril de 2020, este \u00e9 o visual atual do site.<\/span><\/em><\/figcaption><\/figure>\n<\/div>\n\n\n<p><strong>Sobre o Revolution Arena:<\/strong><\/p>\n\n\n\n<p>O Revolution Arena \u00e9 um portal dedicado a cultura pop e da tecnologia (animes, filmes, s\u00e9ries, games, livros, quadrinhos e tecnologia). Lan\u00e7ado em 7 de abril de 2020, nosso site oferece conte\u00fado diversificado e de qualidade para entusiastas do universo geek.<\/p>\n\n\n\n<p><strong>Quem Somos:<\/strong><\/p>\n\n\n\n<p>O Revolution Arena \u00e9 uma publica\u00e7\u00e3o eletr\u00f4nica da Editora Norat, sediada em Jo\u00e3o Pessoa, Para\u00edba, Brasil. Nosso editor-chefe, Markus Leite, lidera uma equipe apaixonada de redatores e colaboradores que trabalham diariamente para trazer o melhor conte\u00fado aos nossos leitores.<\/p>\n\n\n\n<p><strong>O Que Oferecemos:<\/strong><\/p>\n\n\n\n<ul class=\"wp-block-list\">\n<li>Not\u00edcias atualizadas<\/li>\n\n\n\n<li>Mat\u00e9rias especiais<\/li>\n\n\n\n<li>An\u00e1lises (reviews) detalhadas<\/li>\n\n\n\n<li>Guias e detonados<\/li>\n\n\n\n<li>Dicas e truques<\/li>\n\n\n\n<li>F\u00f3rum de discuss\u00e3o<\/li>\n\n\n\n<li>Testes de conhecimento (quiz)<\/li>\n\n\n\n<li>Curiosidades sobre cultura pop e tecnologia<\/li>\n<\/ul>\n\n\n\n<p><strong>Nosso Diferencial:<\/strong><\/p>\n\n\n\n<p>Nosso foco vai muito al\u00e9m dos lan\u00e7amentos atuais. N\u00f3s valorizamos os jogos antigos, que s\u00e3o conhecidos como \u201coldgames\u201d ou \u201cretrogames\u201d, e procuramos sempre produzir mat\u00e9rias especiais sobre os consoles de videogames, computadores, dispositivos mobile e demais sistemas de gera\u00e7\u00f5es atuais e passadas, que comportem jogos eletr\u00f4nicos.<\/p>\n\n\n\n<p><strong>Vers\u00f5es Internacionais:<\/strong><\/p>\n\n\n\n<p>O Revolution Arena est\u00e1 dispon\u00edvel em seis idiomas, cada um com conte\u00fado pr\u00f3prio:<\/p>\n\n\n\n<ul class=\"wp-block-list\">\n<li>\u7b80\u4f53\u4e2d\u6587: <a href=\"https:\/\/revolutionarena.com\/chinese\/\">https:\/\/revolutionarena.com\/chinese\/<\/a><\/li>\n\n\n\n<li>English: <a href=\"https:\/\/revolutionarena.com\/english\/\">https:\/\/revolutionarena.com\/english\/<\/a><\/li>\n\n\n\n<li>Espa\u00f1ol: <a href=\"https:\/\/revolutionarena.com\/espanol\/\">https:\/\/revolutionarena.com\/espanol\/<\/a><\/li>\n\n\n\n<li>Fran\u00e7ais: <a href=\"https:\/\/revolutionarena.com\/francais\/\">https:\/\/revolutionarena.com\/francais\/<\/a><\/li>\n\n\n\n<li>\u65e5\u672c\u8a9e: <a href=\"https:\/\/revolutionarena.com\/japanese\/\">https:\/\/revolutionarena.com\/japanese\/<\/a><\/li>\n\n\n\n<li>Portugu\u00eas: <a href=\"https:\/\/revolutionarena.com\/pt-br\/\">https:\/\/revolutionarena.com\/pt-br\/<\/a><\/li>\n<\/ul>\n\n\n\n<p><strong>Experi\u00eancia do Usu\u00e1rio:<\/strong><\/p>\n\n\n\n<p>Nosso site apresenta um layout moderno e intuitivo, facilitando a navega\u00e7\u00e3o e o acesso \u00e0s informa\u00e7\u00f5es. Al\u00e9m disso, nossa comunidade ativa permite que voc\u00ea interaja com outros entusiastas, compartilhe experi\u00eancias e esclare\u00e7a d\u00favidas.<\/p>\n\n\n\n<p><strong>Compromisso com a Qualidade:<\/strong><\/p>\n\n\n\n<p>A produ\u00e7\u00e3o, desenvolvimento e manuten\u00e7\u00e3o do Revolution Arena s\u00e3o realizados com dedica\u00e7\u00e3o para garantir conte\u00fado exclusivo, relevante e sempre atualizado. Nosso objetivo \u00e9 oferecer uma experi\u00eancia \u00fanica e completa para todos os amantes de animes, filmes, s\u00e9ries, games, livros, quadrinhos e tecnologia.<\/p>\n\n\n\n<p>Junte-se a n\u00f3s no Revolution Arena e mergulhe em um universo de entretenimento e informa\u00e7\u00e3o!<\/p>\n\n\n\n<hr class=\"wp-block-separator has-alpha-channel-opacity\"\/>\n\n\n\n<h2 class=\"wp-block-heading has-text-align-center\">CONTATO E NOSSAS REDES SOCIAIS:<\/h2>\n\n\n\n<p class=\"has-text-align-center\">Fale conosco atrav\u00e9s dos seguintes meios de contato:<\/p>\n\n\n\n<p class=\"has-text-align-center\">E-mail:&nbsp;<a href=\"mailto:contato@revolutionarena.com.br\">contato@revolutionarena.com.br<\/a><\/p>\n\n\n\n<p class=\"has-text-align-center\">YouTube:&nbsp;<a href=\"https:\/\/www.youtube.com\/channel\/UC4DnK9JwwvqKHyp54KLPB0A?sub_confirmation=1\" target=\"_blank\" rel=\"noreferrer noopener\">https:\/\/www.youtube.com\/@Revolution_Arena<\/a><\/p>\n\n\n\n<p class=\"has-text-align-center\">Twitch:&nbsp;<a href=\"https:\/\/www.twitch.tv\/revolutionarena\" target=\"_blank\" rel=\"noreferrer noopener\">https:\/\/www.twitch.tv\/revolutionarena<\/a><\/p>\n\n\n\n<p class=\"has-text-align-center\">Twitter (X): <a href=\"https:\/\/x.com\/RevolutionArena\" target=\"_blank\" rel=\"noreferrer noopener\">https:\/\/x.com\/RevolutionArena<\/a><\/p>\n\n\n\n<p class=\"has-text-align-center\">Instagram:&nbsp;<a rel=\"noreferrer noopener\" href=\"https:\/\/www.instagram.com\/revolutionarena.com.br\/\" target=\"_blank\">https:\/\/www.instagram.com\/revolutionarena.com.br\/<\/a><\/p>\n\n\n\n<p class=\"has-text-align-center\">Facebook:&nbsp;<a href=\"https:\/\/www.facebook.com\/revolutionarenaoficial\" target=\"_blank\" rel=\"noreferrer noopener\">https:\/\/www.facebook.com\/revolutionarenaoficial<\/a><\/p>\n\n\n\n<hr class=\"wp-block-separator has-css-opacity\"\/>\n\n\n\n<h2 class=\"wp-block-heading has-text-align-center\" id=\"patrocinadores-e-parceiros-comerciais\">SEJA REDATOR DO REVOLUTION ARENA:<\/h2>\n\n\n\n<p class=\"has-text-align-center\"><a href=\"https:\/\/revolutionarena.com\/pt-br\/seja-redator-do-revolution-arena\/\">Caso voc\u00ea queira fazer parte da equipe do site, clique aqui!<\/a><\/p>\n\n\n\n<hr class=\"wp-block-separator has-alpha-channel-opacity\"\/>\n\n\n\n<h2 class=\"wp-block-heading has-text-align-center\">DIRETRIZES EDITORIAIS:<\/h2>\n\n\n\n<p class=\"has-text-align-center\"><strong><a href=\"https:\/\/revolutionarena.com\/pt-br\/sobre\/diretrizes-para-publicacao-de-reviews-de-jogos-no-revolution-arena\/\">Diretrizes editoriais para publica\u00e7\u00e3o de an\u00e1lises (reviews) de jogos no Revolution Arena<\/a><\/strong><\/p>\n\n\n\n<p class=\"has-text-align-center\"><strong><a href=\"https:\/\/revolutionarena.com\/pt-br\/sobre\/diretrizes-para-publicacao-de-noticias-no-revolution-arena\/\">Diretrizes editoriais para publica\u00e7\u00e3o de not\u00edcias no Revolution Arena<\/a><\/strong><\/p>\n\n\n\n<hr class=\"wp-block-separator has-css-opacity\"\/>\n\n\n\n<h2 class=\"wp-block-heading has-text-align-center\" id=\"patrocinadores-e-parceiros-comerciais\">EDITORIAL:<\/h2>\n\n\n\n<p class=\"has-text-align-center\">Revolution Arena \u00e9 uma publica\u00e7\u00e3o da Editora Norat (<a href=\"https:\/\/editoranorat.com.br\/\">https:\/\/editoranorat.com.br\/<\/a>), sediada em Jo\u00e3o Pessoa, Para\u00edba, Brasil.<\/p>\n\n\n\n<p class=\"has-text-align-center\"><strong>EDITOR:<\/strong> Markus Leite &#8211; \u00c9 a pessoa por traz do Revolution Arena. Al\u00e9m de executar a edi\u00e7\u00e3o do site, tamb\u00e9m atua como redator, produzindo: An\u00e1lises, Dicas, Mat\u00e9rias Especiais, Guias, Not\u00edcias e Quizzes.<\/p>\n\n\n\n<hr class=\"wp-block-separator has-css-opacity\"\/>\n\n\n\n<h2 class=\"wp-block-heading has-text-align-center\" id=\"autores-de-conteudo\">EQUIPE ATUAL DE REDATORES E COLABORADORES:<\/h2>\n\n\n\n<p class=\"has-text-align-center\"><strong>Allan Lima<\/strong>&nbsp;\u2013 An\u00e1lises \u2013 Especiais \u2013 Quizzes.<\/p>\n\n\n\n<p class=\"has-text-align-center\"><strong>Daniel F\u00e9lix<\/strong>&nbsp;\u2013 An\u00e1lises \u2013 Dicas \u2013 Mat\u00e9rias Especiais \u2013 Guias \/ Detonados \u2013 Not\u00edcias.<\/p>\n\n\n\n<p class=\"has-text-align-center\"><strong>David Pontes<\/strong>&nbsp;\u2013 An\u00e1lises \u2013 Mat\u00e9rias Especiais \u2013 Guias \/ Detonados.<\/p>\n\n\n\n<p class=\"has-text-align-center\"><strong>Davy Beiral<\/strong>&nbsp;\u2013 An\u00e1lises \u2013 Mat\u00e9rias Especiais<\/p>\n\n\n\n<p class=\"has-text-align-center\"><strong>Dayana Barros<\/strong>&nbsp;\u2013 An\u00e1lises \u2013 Dicas \u2013 Mat\u00e9rias Especiais \u2013 Guias \/ Detonados \u2013Quizzes.<\/p>\n\n\n\n<p class=\"has-text-align-center\"><strong>Gabriel Mazoni Capuani&nbsp;<\/strong>\u2013 Guias \/ Detonados \u2013 An\u00e1lises.<\/p>\n\n\n\n<p class=\"has-text-align-center\"><strong>Guilherme Possani<\/strong> &#8211; An\u00e1lises &#8211; Mat\u00e9rias Especiais.<\/p>\n\n\n\n<p class=\"has-text-align-center\"><strong>Jo\u00e3o Guilherme Montesanto<\/strong>&nbsp;\u2013 An\u00e1lises \u2013 Mat\u00e9rias Especiais \u2013 Guias \/ Detonados.<\/p>\n\n\n\n<p class=\"has-text-align-center\"><strong>Leonel Ferretti<\/strong>&nbsp;\u2013 An\u00e1lises \u2013 Mat\u00e9rias Especiais \u2013 Guias \/ Detonados.<\/p>\n\n\n\n<p class=\"has-text-align-center\"><strong>Louren\u00e7o Rehder<\/strong>&nbsp;\u2013 An\u00e1lises \u2013 Mat\u00e9rias Especiais \u2013 Guias \/ Detonados.<\/p>\n\n\n\n<p class=\"has-text-align-center\"><strong>Misael Montenegro<\/strong>\u00a0\u2013 An\u00e1lises \u2013 Mat\u00e9rias Especiais \u2013 Guias \/ Detonados.<\/p>\n\n\n\n<p class=\"has-text-align-center\"><strong>Milca Rollemberg<\/strong>&nbsp;\u2013 An\u00e1lises \u2013 Mat\u00e9rias Especiais \u2013 Guias \/ Detonados.<\/p>\n\n\n\n<p class=\"has-text-align-center\"><strong>Petr\u00f4nio Pellegrino<\/strong>&nbsp;\u2013 An\u00e1lises \u2013 Mat\u00e9rias Especiais \u2013 Guias \/ Detonados.<\/p>\n\n\n\n<p class=\"has-text-align-center\"><strong>Rafael C\u00e2mara<\/strong>&nbsp;\u2013 An\u00e1lises \u2013 Mat\u00e9rias Especiais.<\/p>\n\n\n\n<p class=\"has-text-align-center\"><strong>Rafael Castillo&nbsp;<\/strong>\u2013 An\u00e1lises \u2013 Dicas \u2013 Mat\u00e9rias Especiais.<\/p>\n\n\n\n<p class=\"has-text-align-center\"><strong>Samuel Hardman<\/strong>&nbsp;\u2013 An\u00e1lises \u2013 Mat\u00e9rias Especiais \u2013 Guias \/ Detonados.<\/p>\n\n\n\n<p class=\"has-text-align-center\"><strong>Sylvie Cortega\u00e7a<\/strong>&nbsp;\u2013 An\u00e1lises \u2013 Mat\u00e9rias Especiais \u2013 Not\u00edcias.<\/p>\n\n\n\n<p class=\"has-text-align-center\"><strong>Talles Ayres<\/strong>&nbsp;\u2013 An\u00e1lises \u2013 Mat\u00e9rias Especiais \u2013 Guias \/ Detonados.<\/p>\n\n\n\n<p class=\"has-text-align-center\"><strong>Walber Carbone<\/strong>&nbsp;\u2013 An\u00e1lises \u2013 Mat\u00e9rias Especiais \u2013 Guias \/ Detonados.<\/p>\n\n\n\n<p class=\"has-text-align-center\"><strong>Yara Carla<\/strong>&nbsp;\u2013 An\u00e1lises \u2013 Mat\u00e9rias Especiais \u2013 Guias \/ Detonados.<\/p>\n\n\n\n<hr class=\"wp-block-separator has-css-opacity\"\/>\n\n\n\n<h2 class=\"wp-block-heading has-text-align-center\" id=\"colaboradores\">COLABORADORES E REDATORES QUE J\u00c1 PASSARAM PELO SITE:<\/h2>\n\n\n\n<p class=\"has-text-align-center\">Registro de todas as pessoas que j\u00e1 fizeram parte da equipe do site, ou que, de alguma maneira, j\u00e1 colaboraram com o site:<\/p>\n\n\n\n<figure class=\"wp-block-table is-style-stripes\"><table><tbody><tr><td><strong>Afonso &#8211;&nbsp;<\/strong>an\u00e1lises<\/td><\/tr><tr><td><strong>Ainnem Agon<\/strong>&nbsp;&#8211; an\u00e1lises<\/td><\/tr><tr><td><strong>Alexandre Vieira<\/strong> &#8211; An\u00e1lises &#8211; Not\u00edcias<\/td><\/tr><tr><td><strong>Ana Beatriz Ramos<\/strong> &#8211; Not\u00edcias<\/td><\/tr><tr><td><strong>Anderson Rocha &#8211;&nbsp;<\/strong>artigos<\/td><\/tr><tr><td><strong>Andr\u00e9 Pequeno &#8211;&nbsp;<\/strong>an\u00e1lises<\/td><\/tr><tr><td><strong>Atomsk J<\/strong>&nbsp;&#8211; an\u00e1lises<\/td><\/tr><tr><td><strong>Augusto Arag\u00e3o &#8211;&nbsp;<\/strong>an\u00e1lises &#8211; artigos &#8211; detonados<\/td><\/tr><tr><td><strong>B-Mark<\/strong>&nbsp;&#8211; an\u00e1lises &#8211; artigos<\/td><\/tr><tr><td><strong>Carlos Oliveira<\/strong> &#8211; Mat\u00e9rias especiais<\/td><\/tr><tr><td><strong>Diego Domingues &#8211;&nbsp;<\/strong>an\u00e1lises<\/td><\/tr><tr><td><strong>Diego K\u00f6pp<\/strong>&nbsp;&#8211; An\u00e1lises &#8211; Mat\u00e9rias Especiais &#8211; Not\u00edcias.<\/td><\/tr><tr><td><strong>Dinger<\/strong>&nbsp;&#8211; an\u00e1lises &#8211; artigos<\/td><\/tr><tr><td><strong>Dirceu Mataes<\/strong> &#8211; Mat\u00e9rias especiais<\/td><\/tr><tr><td><strong>Eduardo Furlan &#8211;&nbsp;<\/strong>an\u00e1lises<\/td><\/tr><tr><td><strong>Engelberto Fock<\/strong> &#8211; an\u00e1lises &#8211; Mat\u00e9rias especiais<\/td><\/tr><tr><td><strong>Gabriel Mazzi &#8211;&nbsp;<\/strong>detonados<\/td><\/tr><tr><td><strong>Grose<\/strong>&nbsp;&#8211; an\u00e1lises<\/td><\/tr><tr><td><strong>Gustavo Lima<\/strong> &#8211; An\u00e1lises &#8211; Mat\u00e9rias especiais<\/td><\/tr><tr><td><strong>Ignarius &#8211;&nbsp;<\/strong>an\u00e1lises<\/td><\/tr><tr><td><strong>Jos\u00e9 Daniel Pagliarini<\/strong>&nbsp;\u2013 An\u00e1lises \u2013 Mat\u00e9rias Especiais<\/td><\/tr><tr><td><strong>LukeZero<\/strong>&nbsp;&#8211; artigos<\/td><\/tr><tr><td><strong>Manoel Lima<\/strong> &#8211; An\u00e1lises &#8211; Detonados &#8211; Not\u00edcias<\/td><\/tr><tr><td><strong>Matheus Souza<\/strong> &#8211; An\u00e1lises<\/td><\/tr><tr><td><strong>Olivia Marinho&nbsp;<\/strong>\u2013 An\u00e1lises \u2013 Mat\u00e9rias Especiais<\/td><\/tr><tr><td><strong>Paulo Rafael &#8211;&nbsp;<\/strong>an\u00e1lises<\/td><\/tr><tr><td><strong>Roger Henrique &#8211;&nbsp;<\/strong>detonados<\/td><\/tr><tr><td><strong>RssV<\/strong>&nbsp;&#8211; an\u00e1lises<\/td><\/tr><tr><td><strong>Site Power sonic &#8211;&nbsp;<\/strong>an\u00e1lises<\/td><\/tr><tr><td><strong>Slackuser &#8211;&nbsp;<\/strong>an\u00e1lises<\/td><\/tr><tr><td><strong>Snakefox<\/strong>&nbsp;&#8211; an\u00e1lises<\/td><\/tr><tr><td><strong>Thomas Fernandes<\/strong> &#8211; An\u00e1lises<\/td><\/tr><tr><td><strong>Tosado &#8211;&nbsp;<\/strong>an\u00e1lises<\/td><\/tr><tr><td><strong>Tuki<\/strong>&nbsp;&#8211; an\u00e1lises<\/td><\/tr><tr><td><strong>Ulisses P. Mendes&nbsp;&#8211;&nbsp;<\/strong>an\u00e1lises<\/td><\/tr><tr><td><strong>Vanessa Lopes<\/strong>&nbsp;\u2013 An\u00e1lises \u2013 Mat\u00e9rias Especiais \u2013 Not\u00edcias<\/td><\/tr><tr><td><strong>Vin\u00edcius Richarson<\/strong> &#8211; An\u00e1lises<\/td><\/tr><\/tbody><\/table><\/figure>\n\n\n\n<hr class=\"wp-block-separator has-alpha-channel-opacity\"\/>\n\n\n\n<h2 class=\"wp-block-heading has-text-align-center has-luminous-vivid-amber-color has-vivid-red-background-color has-text-color has-background\" id=\"seja-autor-de-conteudo-do-revolution-arena\">Seja autor de conte\u00fado do Revolution Arena!<\/h2>\n\n\n<div class=\"wp-block-image\">\n<figure class=\"aligncenter size-large\"><a href=\"https:\/\/revolutionarena.com\/pt-br\/seja-redator-do-revolution-arena\/\"><img decoding=\"async\" src=\"https:\/\/revolutionarena.com.br\/wp-content\/uploads\/2020\/11\/TRABALHE-CONOSCO.png\" alt=\"\"\/><\/a><\/figure>\n<\/div>\n\n\n<p class=\"has-text-align-center\"><strong>Voc\u00ea tamb\u00e9m pode ser um redator do site Revolution Arena e ter suas an\u00e1lises, artigos, detonados ou dicas de jogos publicadas no site.<\/strong><\/p>\n\n\n\n<h2 class=\"wp-block-heading has-text-align-center\"><a href=\"https:\/\/revolutionarena.com\/pt-br\/seja-redator-do-revolution-arena\/\">Clique aqui e junte-se a n\u00f3s!<\/a><\/h2>\n","protected":false},"excerpt":{"rendered":"<p>Sobre o Revolution Arena: O Revolution Arena \u00e9 um portal dedicado a cultura pop e da tecnologia (animes, filmes, s\u00e9ries,&hellip;<\/p>\n","protected":false},"author":1,"featured_media":0,"parent":0,"menu_order":0,"comment_status":"closed","ping_status":"closed","template":"","meta":{"footnotes":""},"class_list":["post-32111","page","type-page","status-publish","hentry"],"_links":{"self":[{"href":"https:\/\/revolutionarena.com\/pt-br\/wp-json\/wp\/v2\/pages\/32111","targetHints":{"allow":["GET"]}}],"collection":[{"href":"https:\/\/revolutionarena.com\/pt-br\/wp-json\/wp\/v2\/pages"}],"about":[{"href":"https:\/\/revolutionarena.com\/pt-br\/wp-json\/wp\/v2\/types\/page"}],"author":[{"embeddable":true,"href":"https:\/\/revolutionarena.com\/pt-br\/wp-json\/wp\/v2\/users\/1"}],"replies":[{"embeddable":true,"href":"https:\/\/revolutionarena.com\/pt-br\/wp-json\/wp\/v2\/comments?post=32111"}],"version-history":[{"count":19,"href":"https:\/\/revolutionarena.com\/pt-br\/wp-json\/wp\/v2\/pages\/32111\/revisions"}],"predecessor-version":[{"id":38361,"href":"https:\/\/revolutionarena.com\/pt-br\/wp-json\/wp\/v2\/pages\/32111\/revisions\/38361"}],"wp:attachment":[{"href":"https:\/\/revolutionarena.com\/pt-br\/wp-json\/wp\/v2\/media?parent=32111"}],"curies":[{"name":"wp","href":"https:\/\/api.w.org\/{rel}","templated":true}]}}