{"id":32472,"date":"2024-01-17T08:57:57","date_gmt":"2024-01-17T11:57:57","guid":{"rendered":"https:\/\/revolutionarena.com\/pt-br\/?page_id=32472"},"modified":"2024-11-21T09:44:50","modified_gmt":"2024-11-21T12:44:50","slug":"seja-redator-do-revolution-arena","status":"publish","type":"page","link":"https:\/\/revolutionarena.com\/pt-br\/seja-redator-do-revolution-arena\/","title":{"rendered":"Seja Redator do Revolution Arena!"},"content":{"rendered":"\n<p>Voc\u00ea gosta de escrever, tem paix\u00e3o por games e gostaria de colaborar com o Revolution Arena? Ent\u00e3o junte-se a n\u00f3s! O Revolution Arena est\u00e1 de portas abertas para os gamers de carteirinha que querem divulgar o seu talento.<\/p>\n\n\n\n<p>Para compor a nossa equipe, s\u00f3 \u00e9 preciso que voc\u00ea seja apaixonado por games; tenha amor e vontade de elaborar conte\u00fado sobre games; tenha disponibilidade e mantenha uma regularidade na elabora\u00e7\u00e3o de conte\u00fado para o Revolution Arena; tenha no\u00e7\u00f5es fundamentais de elabora\u00e7\u00e3o de texto (escrever bem, de maneira clara e sem erros gramaticais); saber trabalhar em equipe.<\/p>\n\n\n\n<p>Aten\u00e7\u00e3o: Em alguns momentos, voc\u00ea poder\u00e1 ganhar jogos<strong>&nbsp;<\/strong>gratuitamente, com o compromisso de produzir an\u00e1lises, detonados e dicas; contudo o site Revolution Arena n\u00e3o d\u00e1 lucro, \u00e9 um site feito de F\u00e3s para F\u00e3s!&nbsp;<strong>Assim, o trabalho de autor de conte\u00fado N\u00c3O \u00e9 remunerado. No Revolution Arena, o autor de conte\u00fado realizar\u00e1 uma atividade volunt\u00e1ria.<\/strong><\/p>\n\n\n\n<figure class=\"wp-block-table\"><table class=\"has-background\" style=\"background-color:#fce800\"><tbody><tr><td><strong>Envie um e-mail para\u00a0<a href=\"mailto:contato@revolutionarena.com.br\">contato@revolutionarena.com.br<\/a>\u00a0, informando os dados abaixo:<br><br>1- Nome completo:<br><br>2- Seu E-mail:<br><br>3- Data de nascimento:<br><br>4- Telefone(s) de contato com DDD:<br><br>5- Whatsapp (informar DDD e n\u00famero):<br><br>6- Quais \u00e1reas do site voc\u00ea gostaria de atuar? (pode marcar quantas quiser):<br>a) Reda\u00e7\u00e3o de Not\u00edcias;<br>b) Reda\u00e7\u00e3o de Mat\u00e9rias;<br>c) Reda\u00e7\u00e3o de An\u00e1lises;<br>d) Reda\u00e7\u00e3o de Detonados;<br>e) Reda\u00e7\u00e3o de perguntas para o Quiz (Testes de Conhecimentos);<br>f) Gravar\/Editar v\u00eddeos para o canal e redes sociais do Revolution Arena.<br><br>7- Voc\u00ea tem alguma experi\u00eancia na \u00e1rea? Se sim, envia os links para darmos uma conferida! (n\u00e3o \u00e9 um requisito obrigat\u00f3rio para compor a nossa equipe! =D )<br><br>8- Por que voc\u00ea quer fazer parte do site Revolution Arena?<\/strong><br><br><strong>9- Voc\u00ea tem algum console de videogame? Se sim, quais? Voc\u00ea tem computador?<br><br>10- Voc\u00ea aceita compor a equipe do Revolution Arena, entendendo que o site n\u00e3o d\u00e1 lucro financeiro, e, por conseguinte, voc\u00ea n\u00e3o ser\u00e1 remunerado e todo o trabalho que voc\u00ea realizar ser\u00e1 volunt\u00e1rio?<br>a) Sim<br>b) N\u00e3o<\/strong><\/td><\/tr><\/tbody><\/table><\/figure>\n","protected":false},"excerpt":{"rendered":"<p>Voc\u00ea gosta de escrever, tem paix\u00e3o por games e gostaria de colaborar com o Revolution Arena? Ent\u00e3o junte-se a n\u00f3s!&hellip;<\/p>\n","protected":false},"author":1,"featured_media":0,"parent":0,"menu_order":0,"comment_status":"closed","ping_status":"closed","template":"","meta":{"footnotes":""},"class_list":["post-32472","page","type-page","status-publish","hentry"],"_links":{"self":[{"href":"https:\/\/revolutionarena.com\/pt-br\/wp-json\/wp\/v2\/pages\/32472","targetHints":{"allow":["GET"]}}],"collection":[{"href":"https:\/\/revolutionarena.com\/pt-br\/wp-json\/wp\/v2\/pages"}],"about":[{"href":"https:\/\/revolutionarena.com\/pt-br\/wp-json\/wp\/v2\/types\/page"}],"author":[{"embeddable":true,"href":"https:\/\/revolutionarena.com\/pt-br\/wp-json\/wp\/v2\/users\/1"}],"replies":[{"embeddable":true,"href":"https:\/\/revolutionarena.com\/pt-br\/wp-json\/wp\/v2\/comments?post=32472"}],"version-history":[{"count":2,"href":"https:\/\/revolutionarena.com\/pt-br\/wp-json\/wp\/v2\/pages\/32472\/revisions"}],"predecessor-version":[{"id":36573,"href":"https:\/\/revolutionarena.com\/pt-br\/wp-json\/wp\/v2\/pages\/32472\/revisions\/36573"}],"wp:attachment":[{"href":"https:\/\/revolutionarena.com\/pt-br\/wp-json\/wp\/v2\/media?parent=32472"}],"curies":[{"name":"wp","href":"https:\/\/api.w.org\/{rel}","templated":true}]}}