{"id":32562,"date":"2024-01-26T12:08:57","date_gmt":"2024-01-26T15:08:57","guid":{"rendered":"https:\/\/revolutionarena.com\/pt-br\/?page_id=32562"},"modified":"2025-09-01T00:05:51","modified_gmt":"2025-09-01T03:05:51","slug":"diretrizes-para-publicacao-de-reviews-de-jogos-no-revolution-arena","status":"publish","type":"page","link":"https:\/\/revolutionarena.com\/pt-br\/sobre\/diretrizes-para-publicacao-de-reviews-de-jogos-no-revolution-arena\/","title":{"rendered":"DIRETRIZES PARA PUBLICA\u00c7\u00c3O DE REVIEWS DE JOGOS NO REVOLUTION ARENA"},"content":{"rendered":"\n<p>As an\u00e1lises (Reviews) de jogos no Revolution Arena devem seguir as seguintes diretrizes, como forma de estabelecer um padr\u00e3o e linha editorial uniforme, consistente e adequada no Revolution Arena, de maneira a contribuir que o site se consolide como uma publica\u00e7\u00e3o mais proeminente e not\u00e1vel.<\/p>\n\n\n\n<p><strong>Postura dos Avaliadores:<\/strong><\/p>\n\n\n\n<p>&#8211; Todos os membros da equipe de avalia\u00e7\u00e3o devem se portar de maneira profissional, demonstrando compromisso em revisar criticamente os jogos, s\u00e9ries, filmes, quadrinhos etc.<\/p>\n\n\n\n<p>&#8211; Todos os avaliadores devem seguir as diretrizes de publica\u00e7\u00e3o do site, como forma de estabelecer um padr\u00e3o e linha editorial uniforme, consistente e adequada, para apresentar avalia\u00e7\u00f5es de alta qualidade, ponderadas, estruturadas e diferenciadas no Revolution Arena.<\/p>\n\n\n\n<p><strong>Estrutura da An\u00e1lise:<\/strong><\/p>\n\n\n\n<p>&#8211; Os textos devem primar por apresentar gram\u00e1tica correta; textos estruturados em par\u00e1grafos; ortografia correta.<\/p>\n\n\n\n<p>&#8211; Al\u00e9m de tratar dos aspectos estruturais e t\u00e9cnicos do jogo, a an\u00e1lise deve ter um toque pessoal do autor, apontando a sua perspectiva sobre o jogo, qual foi a sua experi\u00eancia durante a jogatina. Por exemplo, informar como o jogo fez o autor se sentir e explicar o motivo que fez ele se sentir assim.<\/p>\n\n\n\n<p>&#8211; Cada an\u00e1lise, de qualquer estilo de jogo, dever\u00e1 apresentar um texto com o m\u00ednimo de 1000 palavras, para que seja poss\u00edvel trazer informa\u00e7\u00f5es m\u00ednimas sobre um jogo, s\u00e9rie, filme, mang\u00e1, HQ etc., com texto em fonte Times, tamanho 12, espa\u00e7amento simples. Para estabelecer essa m\u00e9trica, os avaliadores devem escrever o texto inicialmente no Microsoft Word e somente ap\u00f3s finalizar e corrigir o texto, o enviar para o sistema do site. O requisito visa uma melhor indexa\u00e7\u00e3o nos mecanismos de buscas.<\/p>\n\n\n\n<p>&#8211; A an\u00e1lise dever\u00e1 apontar os pontos estruturais e t\u00e9cnicos do jogo, como por exemplo: gr\u00e1ficos, som, jogabilidade (gameplay), Performance e Otimiza\u00e7\u00e3o (quesito em que se analisa principalmente os problemas e bugs); al\u00e9m disso tratar da divers\u00e3o e fator replay que o jogo proporciona. Esses s\u00e3o os elementos que dever\u00e3o ser levados em conta na quantifica\u00e7\u00e3o da nota do jogo. Problemas t\u00e9cnicos tamb\u00e9m devem ser apontados, pois est\u00e3o entre os fatores que fazem os consumidores decidirem se comprar\u00e3o um jogo ou n\u00e3o. Ainda, \u00e9 extremamente importante que a an\u00e1lise seja escrita apontando a perspectiva do autor sobre o jogo, qual foi a sua experi\u00eancia durante a jogatina. Por exemplo, informar como o jogo fez o autor se sentir e explicar o motivo que fez ele se sentir assim.<\/p>\n\n\n\n<p><strong>Requisitos para a Quantifica\u00e7\u00e3o da Nota, na Avalia\u00e7\u00e3o dos Jogos:<\/strong><\/p>\n\n\n\n<p>A avalia\u00e7\u00e3o dos jogos ser\u00e1 feita sob os seguintes requisitos: gr\u00e1ficos, som, jogabilidade (gameplay), Problemas e Bugs e divers\u00e3o. Cada requisito receber\u00e1 uma nota de 0,0 at\u00e9 10,0. A nota final do jogo ser\u00e1 a m\u00e9dia dos cinco quesitos avaliados (gr\u00e1ficos, som, jogabilidade, problemas e bugs, e divers\u00e3o).<\/p>\n\n\n\n<p>As notas devem ser atribu\u00eddas levando em considera\u00e7\u00e3o a seguinte classifica\u00e7\u00e3o:<br>10.0 &#8211; Excelente;<br>8.0 at\u00e9 9.9 &#8211; \u00d3timo;<br>7.0 at\u00e9 7.9 &#8211; Bom;<br>6.0 at\u00e9 6.9 &#8211; Aceit\u00e1vel;<br>3.0 at\u00e9 5.9 &#8211; Ruim;<br>1.0 at\u00e9 2.9 &#8211; P\u00e9ssimo.<\/p>\n\n\n\n<p>A avalia\u00e7\u00e3o, informando as notas dos requisitos e a nota final ser\u00e3o apresentadas no final do texto da an\u00e1lise, da seguinte maneira:<\/p>\n\n\n\n<p class=\"has-luminous-vivid-amber-to-luminous-vivid-orange-gradient-background has-background\">EXEMPLO:<br><strong>Avalia\u00e7\u00e3o:<\/strong><br>Gr\u00e1ficos: 9.0<br>Divers\u00e3o: 9.0<br>Jogabilidade: 8.0<br>Som: 8.0<br>Performance e Otimiza\u00e7\u00e3o: 7.5<br><strong>NOTA FINAL: 8.3 \/ 10.0<\/strong><\/p>\n\n\n\n<h2 class=\"wp-block-heading has-text-align-center has-vivid-red-background-color has-background\">MODELO DE AN\u00c1LISE (REVIEW):<\/h2>\n\n\n\n<h2 class=\"wp-block-heading\">T\u00cdTULO: <strong>&#8220;NOME DO JOGO&#8221; &#8211; <strong>An\u00e1lise (Review)<\/strong><\/strong> &#8211; {<strong>opcionalmente tamb\u00e9m pode ser inclu\u00eddo um subt\u00edtulo<\/strong>}<\/h2>\n\n\n\n<figure class=\"wp-block-table\"><table class=\"has-very-light-gray-to-cyan-bluish-gray-gradient-background has-background\"><tbody><tr><td><strong>FICHA DO JOGO:<\/strong><br><strong>Lan\u00e7amento:<\/strong><br><strong>Jogadores:<\/strong><br><strong>G\u00eanero:<\/strong><br><strong>Desenvolvedora:<\/strong><br><strong>Publicadora:<\/strong><br><strong>Idiomas dispon\u00edveis:<\/strong><br><strong>Dispon\u00edvel nas plataformas:<\/strong><br><strong>Classifica\u00e7\u00e3o Indicativa:<\/strong><br><strong><strong>Jogo analisado na plataforma:<\/strong><\/strong><\/td><\/tr><\/tbody><\/table><\/figure>\n\n\n\n<p><strong>1) Apresenta\u00e7\u00e3o inicial<\/strong>, dando um toque pessoal do autor (Uma breve explica\u00e7\u00e3o do contexto e informa\u00e7\u00f5es adicionais introdut\u00f3rias sobre o jogo).<\/p>\n\n\n\n<p>a) Tamb\u00e9m podendo ser inclu\u00eddo aqui o enredo ou conceito; bem como alguma curiosidade ou informa\u00e7\u00e3o importante e\/ou relevante sobre o t\u00edtulo ou sobre a franquia; alguma caracter\u00edstica especial que houve na produ\u00e7\u00e3o; alguma situa\u00e7\u00e3o especial que marcou esse jogo; promessas das produtoras ou trailers que causaram elevado Hype; ou coisas desse tipo).<\/p>\n\n\n\n<p><strong>2) Tratar dos aspectos t\u00e9cnicos e sobre a forma que o jogo funciona:<\/strong><\/p>\n\n\n\n<p>a) <strong>Mec\u00e2nicas e Jogabilidade<\/strong> (e suas varia\u00e7\u00f5es, j\u00e1 que varia de jogo para jogo).<\/p>\n\n\n\n<p>b) <strong>Gr\u00e1ficos<\/strong> (Qualidade gr\u00e1fica do jogo de maneira geral, incluindo a ambienta\u00e7\u00e3o, cen\u00e1rios e detalhes adicionais).<\/p>\n\n\n\n<p>c) <strong>Som<\/strong> (Trilha sonora de maneira geral, inclui-se aqui tanto as m\u00fasicas como os efeitos sonoros).<\/p>\n\n\n\n<p>d) <strong>Divers\u00e3o<\/strong> (exprimir o quanto o jogo trouxe ou n\u00e3o uma experi\u00eancia de divers\u00e3o no jogador(es) e o fator de replay do jogo, ou seja, dizer se o jogo desperta vontade de continuar jogando por horas consecutivas e se d\u00e1 vontade de liga-lo para jogar outras vezes.<\/p>\n\n\n\n<p>e) <strong>Performance e Otimiza\u00e7\u00e3o<\/strong> (Informar se o jogo apresenta problemas e o quanto eles interferem na experi\u00eancia. Em jogos extremamente problem\u00e1ticos, esse t\u00f3pico passa a ser fundamental na an\u00e1lise e deve ser colocado em local de maior destaque, pois os leitores precisam ficar cientes da situa\u00e7\u00e3o. Tal assunto \u00e9 fundamental para que o leitor confira credibilidade ao texto, ao autor e ao site).<\/p>\n\n\n\n<p>f) Situa\u00e7\u00f5es extras, caso exista mais algo que n\u00e3o foi tratado nos t\u00f3picos anteriores (dublagem\/legenda, coisas adicionais que o game possui e coment\u00e1rios a respeito de algum tema do jogo antes de finalizar a an\u00e1lise).<\/p>\n\n\n\n<p><strong>3) Conclus\u00e3o<\/strong>, apontando a perspectiva do autor sobre o jogo, qual foi a sua experi\u00eancia durante a jogatina. Por exemplo, informar como o jogo fez o autor se sentir e explicar o motivo que fez ele se sentir assim.<\/p>\n\n\n\n<p class=\"has-electric-grass-gradient-background has-background\"><strong>Pontos Positivos<\/strong><\/p>\n\n\n\n<p>(Listar os principais aspectos bons, que chamaram mais aten\u00e7\u00e3o no jogo)<\/p>\n\n\n\n<p class=\"has-blush-bordeaux-gradient-background has-background\"><strong>Pontos Negativos<\/strong><\/p>\n\n\n\n<p>(Listar os principais aspectos ruins, que chamaram mais aten\u00e7\u00e3o no jogo).<\/p>\n\n\n\n<p class=\"has-luminous-vivid-amber-to-luminous-vivid-orange-gradient-background has-background\"><strong>Avalia\u00e7\u00e3o:<\/strong><br>Gr\u00e1ficos: 0.0<br>Divers\u00e3o: 0.0<br>Jogabilidade: 0.0<br>Som: 0.0<br>Performance e Otimiza\u00e7\u00e3o: 0.0<br><strong>NOTA FINAL: 0.0 \/ 10.0<\/strong><\/p>\n\n\n\n<p class=\"has-vivid-red-background-color has-background\"><strong>OBSERVA\u00c7\u00c3O:<\/strong><br>Caso o jogo tenha sido enviado por uma produtora, adicionar a seguinte frase, ap\u00f3s a nota final: &#8220;<strong>An\u00e1lise produzida a partir de uma c\u00f3pia do jogo cedida pela<\/strong> {&#8220;<strong>NOME DA EMPRESA<\/strong>&#8221; ou simplesmente &#8220;<strong>Produtora do Jogo<\/strong>&#8220;}.<\/p>\n","protected":false},"excerpt":{"rendered":"<p>As an\u00e1lises (Reviews) de jogos no Revolution Arena devem seguir as seguintes diretrizes, como forma de estabelecer um padr\u00e3o e&hellip;<\/p>\n","protected":false},"author":1,"featured_media":0,"parent":32111,"menu_order":0,"comment_status":"closed","ping_status":"closed","template":"","meta":{"footnotes":""},"class_list":["post-32562","page","type-page","status-publish","hentry"],"_links":{"self":[{"href":"https:\/\/revolutionarena.com\/pt-br\/wp-json\/wp\/v2\/pages\/32562","targetHints":{"allow":["GET"]}}],"collection":[{"href":"https:\/\/revolutionarena.com\/pt-br\/wp-json\/wp\/v2\/pages"}],"about":[{"href":"https:\/\/revolutionarena.com\/pt-br\/wp-json\/wp\/v2\/types\/page"}],"author":[{"embeddable":true,"href":"https:\/\/revolutionarena.com\/pt-br\/wp-json\/wp\/v2\/users\/1"}],"replies":[{"embeddable":true,"href":"https:\/\/revolutionarena.com\/pt-br\/wp-json\/wp\/v2\/comments?post=32562"}],"version-history":[{"count":5,"href":"https:\/\/revolutionarena.com\/pt-br\/wp-json\/wp\/v2\/pages\/32562\/revisions"}],"predecessor-version":[{"id":37767,"href":"https:\/\/revolutionarena.com\/pt-br\/wp-json\/wp\/v2\/pages\/32562\/revisions\/37767"}],"up":[{"embeddable":true,"href":"https:\/\/revolutionarena.com\/pt-br\/wp-json\/wp\/v2\/pages\/32111"}],"wp:attachment":[{"href":"https:\/\/revolutionarena.com\/pt-br\/wp-json\/wp\/v2\/media?parent=32562"}],"curies":[{"name":"wp","href":"https:\/\/api.w.org\/{rel}","templated":true}]}}