{"id":32565,"date":"2024-01-26T12:11:31","date_gmt":"2024-01-26T15:11:31","guid":{"rendered":"https:\/\/revolutionarena.com\/pt-br\/?page_id=32565"},"modified":"2024-01-26T12:11:33","modified_gmt":"2024-01-26T15:11:33","slug":"diretrizes-para-publicacao-de-noticias-no-revolution-arena","status":"publish","type":"page","link":"https:\/\/revolutionarena.com\/pt-br\/sobre\/diretrizes-para-publicacao-de-noticias-no-revolution-arena\/","title":{"rendered":"DIRETRIZES PARA PUBLICA\u00c7\u00c3O DE NOT\u00cdCIAS NO REVOLUTION ARENA"},"content":{"rendered":"\n<p>A fim de tornar Revolution Arena um ve\u00edculo de imprensa mais not\u00e1vel e proeminente no segmento, o site passa desde agora a adotar diretrizes que adere\u00e7am a publica\u00e7\u00e3o de not\u00edcias, de forma a otimizar a leitura dos visitantes do site, assim como elevar o padr\u00e3o do site, estabelecendo uma linha editorial mais uniforme e consistente entre artigos de redatores diferentes.<\/p>\n\n\n\n<h2 class=\"wp-block-heading\">Postura dos redatores:<\/h2>\n\n\n\n<p>Fica a crit\u00e9rio dos redatores se redigir\u00e3o o texto seguindo um m\u00e9todo mais formal (\u201crobotizado\u201d, por assim dizer, que prioriza a transmiss\u00e3o das informa\u00e7\u00f5es sem devaneios) ou mais informal, buscando formar uma maior familiaridade com o leitor do texto. N\u00e3o queremos tomar a liberdade do redator nesse sentido. \ud83d\ude09<\/p>\n\n\n\n<p>Contudo, vale o bom senso, no sentido de n\u00e3o fazer uso de palavras de baixo cal\u00e3o, postagens que favore\u00e7am uma plataforma espec\u00edfica (console wars) e publica\u00e7\u00e3o de artigos que n\u00e3o tenham rela\u00e7\u00e3o direta com o p\u00fablico-alvo do site (jogos eletr\u00f4nicos, filmes, quadrinhos, hardware e afins), como pol\u00edtica, economia entre outros t\u00f3picos.<\/p>\n\n\n\n<h2 class=\"wp-block-heading\">Estrutura da not\u00edcia:<\/h2>\n\n\n\n<p>\u2013 Os textos devem primar por apresentar gram\u00e1tica correta; textos estruturados em par\u00e1grafos e seguindo ortografia correta, conforme as regras gramaticais mais recentes que aderecem o portugu\u00eas brasileiro.<\/p>\n\n\n\n<p>\u2013 As not\u00edcias n\u00e3o possuem um n\u00famero m\u00ednimo de palavras ou linhas. Contudo, caso o foco da not\u00edcia seja um v\u00eddeo de gameplay ou trailer de lan\u00e7amento, por exemplo, evite postar apenas o v\u00eddeo em quest\u00e3o junto de uma ou duas linhas de texto informal, o que torna o artigo muito pobre. Busque trazer informa\u00e7\u00f5es adicionais a respeito do t\u00edtulo, como plataformas, data de lan\u00e7amento entre outros dados, que inteirem o visitante sobre o jogo em quest\u00e3o. N\u00e3o assuma que ele tenha lido os seus artigos anteriores relacionados ao assunto, pois pode ser um leitor novo.<\/p>\n\n\n\n<h2 class=\"wp-block-heading\">Formata\u00e7\u00e3o do texto:<\/h2>\n\n\n\n<p>\u2013 Em prol de otimizar a leitura do visitante, destacando pontos principais do artigo, assim como torn\u00e1-lo mais agrad\u00e1vel visualmente, fica definido o uso de&nbsp;<strong>negrito&nbsp;<\/strong>nas seguintes informa\u00e7\u00f5es:<\/p>\n\n\n\n<p>1. Empresa (editora, desenvolvedora);<\/p>\n\n\n\n<p>2. Nome do jogo;<\/p>\n\n\n\n<p>3. Data de lan\u00e7amento;<\/p>\n\n\n\n<p>4. Plataforma;<\/p>\n\n\n\n<p>5. Nomes de pessoas mencionadas;<\/p>\n\n\n\n<p>6. Pre\u00e7o;<\/p>\n\n\n\n<p>7. T\u00edtulos e subt\u00edtulos de uma descri\u00e7\u00e3o de jogo;<\/p>\n\n\n\n<p>8. Se o artigo cobre apenas um v\u00eddeo de gameplay, destaque as palavras.<\/p>\n\n\n\n<p>No entanto, utilize negrito em determinada palavra apenas uma vez, para n\u00e3o poluir o artigo, visto que a palavra-chave j\u00e1 fora destacada e tornou-se evidente ao leitor, n\u00e3o sendo necess\u00e1rio faz\u00ea-lo novamente.<\/p>\n\n\n\n<p>Ao noticiar o lan\u00e7amento de determinado t\u00edtulo, a not\u00edcia naturalmente pode conter informa\u00e7\u00f5es pertinentes a diversas regi\u00f5es, com plataformas, datas de lan\u00e7amento e moedas locais divergentes. Neste caso, d\u00ea \u00eanfase \u00e0s informa\u00e7\u00f5es relevantes a leitores situados no Brasil. Caso a not\u00edcia traga duas datas de lan\u00e7amento, uma para a Am\u00e9rica do Norte e outra para a Europa, destaque a Am\u00e9rica do Norte, visto que \u00e9 uma informa\u00e7\u00e3o v\u00e1lida tamb\u00e9m para o Brasil. Ao noticiar o lan\u00e7amento de um jogo que s\u00f3 foi confirmado para o Jap\u00e3o, por exemplo, pode destacar todas as informa\u00e7\u00f5es pertinentes em&nbsp;<strong>negrito.<\/strong><\/p>\n\n\n\n<p>\u2013 Uma vez que nomes de jogos s\u00e3o estilizados e\/ou fantasiosos (ex.:&nbsp;<em>Ch\u00e4oS;HEAd, NieR:Automata<\/em>), empregando uso de palavras que por vezes n\u00e3o seguem regras gramaticais e n\u00e3o fazem sentido, fica determinado o uso de&nbsp;<em>it\u00e1lico<\/em>&nbsp;em nomes de jogos, sempre que for mencionado, n\u00e3o apenas na primeira apari\u00e7\u00e3o da palavra, respeitando a reprodu\u00e7\u00e3o do nome (espa\u00e7amento, pontua\u00e7\u00e3o, mai\u00fascula\/min\u00fascula) conforme fora registrado pela editora.<\/p>\n\n\n\n<p>\u2013 Cabe ao redator se far\u00e1 uso de recursos de texto adicionais proporcionados pela plataforma WordPress, como listas, t\u00edtulos, tabelas, cabe\u00e7alhos entre outros se julgar que a adi\u00e7\u00e3o dos mesmos enriquecer\u00e1 o texto e otimizar\u00e1 sua leitura.<\/p>\n","protected":false},"excerpt":{"rendered":"<p>A fim de tornar Revolution Arena um ve\u00edculo de imprensa mais not\u00e1vel e proeminente no segmento, o site passa desde&hellip;<\/p>\n","protected":false},"author":1,"featured_media":0,"parent":32111,"menu_order":0,"comment_status":"closed","ping_status":"closed","template":"","meta":{"footnotes":""},"class_list":["post-32565","page","type-page","status-publish","hentry"],"_links":{"self":[{"href":"https:\/\/revolutionarena.com\/pt-br\/wp-json\/wp\/v2\/pages\/32565","targetHints":{"allow":["GET"]}}],"collection":[{"href":"https:\/\/revolutionarena.com\/pt-br\/wp-json\/wp\/v2\/pages"}],"about":[{"href":"https:\/\/revolutionarena.com\/pt-br\/wp-json\/wp\/v2\/types\/page"}],"author":[{"embeddable":true,"href":"https:\/\/revolutionarena.com\/pt-br\/wp-json\/wp\/v2\/users\/1"}],"replies":[{"embeddable":true,"href":"https:\/\/revolutionarena.com\/pt-br\/wp-json\/wp\/v2\/comments?post=32565"}],"version-history":[{"count":1,"href":"https:\/\/revolutionarena.com\/pt-br\/wp-json\/wp\/v2\/pages\/32565\/revisions"}],"predecessor-version":[{"id":32566,"href":"https:\/\/revolutionarena.com\/pt-br\/wp-json\/wp\/v2\/pages\/32565\/revisions\/32566"}],"up":[{"embeddable":true,"href":"https:\/\/revolutionarena.com\/pt-br\/wp-json\/wp\/v2\/pages\/32111"}],"wp:attachment":[{"href":"https:\/\/revolutionarena.com\/pt-br\/wp-json\/wp\/v2\/media?parent=32565"}],"curies":[{"name":"wp","href":"https:\/\/api.w.org\/{rel}","templated":true}]}}